{"id":13,"date":"2023-05-22T16:56:25","date_gmt":"2023-05-22T16:56:25","guid":{"rendered":"https:\/\/www.keen-haslett.91-107-214-178.plesk.page\/?page_id=13"},"modified":"2025-10-29T17:35:45","modified_gmt":"2025-10-29T17:35:45","slug":"startseite","status":"publish","type":"page","link":"https:\/\/aal-siemsen.de\/","title":{"rendered":"Home"},"content":{"rendered":"\t\t<div data-elementor-type=\"wp-page\" data-elementor-id=\"13\" class=\"elementor elementor-13\">\n\t\t\t\t\t\t<section class=\"elementor-section elementor-top-section elementor-element elementor-element-e1003e9 elementor-section-boxed elementor-section-height-default elementor-section-height-default\" data-id=\"e1003e9\" data-element_type=\"section\" data-e-type=\"section\">\n\t\t\t\t\t\t<div class=\"elementor-container elementor-column-gap-default\">\n\t\t\t\t\t<div class=\"elementor-column elementor-col-100 elementor-top-column elementor-element elementor-element-21f1829\" data-id=\"21f1829\" data-element_type=\"column\" data-e-type=\"column\">\n\t\t\t<div class=\"elementor-widget-wrap elementor-element-populated\">\n\t\t\t\t\t\t<div class=\"elementor-element elementor-element-952b0d2 elementor-widget elementor-widget-spacer\" data-id=\"952b0d2\" data-element_type=\"widget\" data-e-type=\"widget\" data-widget_type=\"spacer.default\">\n\t\t\t\t<div class=\"elementor-widget-container\">\n\t\t\t\t\t\t\t<div class=\"elementor-spacer\">\n\t\t\t<div class=\"elementor-spacer-inner\"><\/div>\n\t\t<\/div>\n\t\t\t\t\t\t<\/div>\n\t\t\t\t<\/div>\n\t\t\t\t<div class=\"elementor-element elementor-element-1628458 elementor-widget elementor-widget-heading\" data-id=\"1628458\" data-element_type=\"widget\" data-e-type=\"widget\" data-widget_type=\"heading.default\">\n\t\t\t\t<div class=\"elementor-widget-container\">\n\t\t\t\t\t<h2 class=\"elementor-heading-title elementor-size-default\">Herzlich Willkommen im<br>Fischpavillon Siemsen<\/h2>\t\t\t\t<\/div>\n\t\t\t\t<\/div>\n\t\t\t\t<div class=\"elementor-element elementor-element-eb67010 elementor-widget elementor-widget-spacer\" data-id=\"eb67010\" data-element_type=\"widget\" data-e-type=\"widget\" data-widget_type=\"spacer.default\">\n\t\t\t\t<div class=\"elementor-widget-container\">\n\t\t\t\t\t\t\t<div class=\"elementor-spacer\">\n\t\t\t<div class=\"elementor-spacer-inner\"><\/div>\n\t\t<\/div>\n\t\t\t\t\t\t<\/div>\n\t\t\t\t<\/div>\n\t\t\t\t\t<\/div>\n\t\t<\/div>\n\t\t\t\t\t<\/div>\n\t\t<\/section>\n\t\t\t\t<section class=\"elementor-section elementor-top-section elementor-element elementor-element-2b0589e elementor-section-content-middle elementor-section-boxed elementor-section-height-default elementor-section-height-default\" data-id=\"2b0589e\" data-element_type=\"section\" data-e-type=\"section\">\n\t\t\t\t\t\t<div class=\"elementor-container elementor-column-gap-default\">\n\t\t\t\t\t<div class=\"elementor-column elementor-col-50 elementor-top-column elementor-element elementor-element-e0c5ce6\" data-id=\"e0c5ce6\" data-element_type=\"column\" data-e-type=\"column\">\n\t\t\t<div class=\"elementor-widget-wrap elementor-element-populated\">\n\t\t\t\t\t\t<div class=\"elementor-element elementor-element-9f41512 elementor-widget elementor-widget-image\" data-id=\"9f41512\" data-element_type=\"widget\" data-e-type=\"widget\" data-widget_type=\"image.default\">\n\t\t\t\t<div class=\"elementor-widget-container\">\n\t\t\t\t\t\t\t\t\t\t\t\t\t\t\t\t<a href=\"https:\/\/www.keen-haslett.91-107-214-178.plesk.page\/wp-content\/uploads\/2023\/06\/20230528_173303-scaled.jpg\" data-elementor-open-lightbox=\"yes\" data-elementor-lightbox-title=\"20230528_173303\" data-e-action-hash=\"#elementor-action%3Aaction%3Dlightbox%26settings%3DeyJpZCI6NTIsInVybCI6Imh0dHBzOlwvXC9hYWwtc2llbXNlbi5kZVwvd3AtY29udGVudFwvdXBsb2Fkc1wvMjAyM1wvMDZcLzIwMjMwNTI4XzE3MzMwMy1zY2FsZWQuanBnIn0%3D\" target=\"_blank\" rel=\"noopener\">\n\t\t\t\t\t\t\t<img fetchpriority=\"high\" decoding=\"async\" width=\"1024\" height=\"768\" src=\"https:\/\/aal-siemsen.de\/wp-content\/uploads\/2023\/06\/20230528_173303-1024x768.jpg\" class=\"attachment-large size-large wp-image-52\" alt=\"\" srcset=\"https:\/\/aal-siemsen.de\/wp-content\/uploads\/2023\/06\/20230528_173303-1024x768.jpg 1024w, https:\/\/aal-siemsen.de\/wp-content\/uploads\/2023\/06\/20230528_173303-300x225.jpg 300w, https:\/\/aal-siemsen.de\/wp-content\/uploads\/2023\/06\/20230528_173303-768x576.jpg 768w, https:\/\/aal-siemsen.de\/wp-content\/uploads\/2023\/06\/20230528_173303-1536x1152.jpg 1536w, https:\/\/aal-siemsen.de\/wp-content\/uploads\/2023\/06\/20230528_173303-2048x1536.jpg 2048w\" sizes=\"(max-width: 1024px) 100vw, 1024px\" \/>\t\t\t\t\t\t\t\t<\/a>\n\t\t\t\t\t\t\t\t\t\t\t\t\t\t\t<\/div>\n\t\t\t\t<\/div>\n\t\t\t\t\t<\/div>\n\t\t<\/div>\n\t\t\t\t<div class=\"elementor-column elementor-col-50 elementor-top-column elementor-element elementor-element-d6aacb2\" data-id=\"d6aacb2\" data-element_type=\"column\" data-e-type=\"column\">\n\t\t\t<div class=\"elementor-widget-wrap elementor-element-populated\">\n\t\t\t\t\t\t<div class=\"elementor-element elementor-element-d556e8f elementor-widget elementor-widget-text-editor\" data-id=\"d556e8f\" data-element_type=\"widget\" data-e-type=\"widget\" data-widget_type=\"text-editor.default\">\n\t\t\t\t<div class=\"elementor-widget-container\">\n\t\t\t\t\t\t\t\t\t<p>Willkommen bei Siemsens Fischpavillon \u2013 seit \u00fcber 35 Jahren Ihr beliebtes Fischrestaurant im Herzen des malerischen Ferienorts Stapel zwischen Eider und Treene.<br><br>Genie\u00dfen Sie frische und k\u00f6stliche Fischgerichte in unserer gem\u00fctlichen und einladenden Atmosph\u00e4re, oder holen Sie sich eins unserer vielen Fischbr\u00f6tchen zum mitnehmen!<br><\/p>\t\t\t\t\t\t\t\t<\/div>\n\t\t\t\t<\/div>\n\t\t\t\t\t<\/div>\n\t\t<\/div>\n\t\t\t\t\t<\/div>\n\t\t<\/section>\n\t\t\t\t<section class=\"elementor-section elementor-top-section elementor-element elementor-element-3ccb6ed elementor-section-content-middle elementor-section-boxed elementor-section-height-default elementor-section-height-default\" data-id=\"3ccb6ed\" data-element_type=\"section\" data-e-type=\"section\">\n\t\t\t\t\t\t<div class=\"elementor-container elementor-column-gap-default\">\n\t\t\t\t\t<div class=\"elementor-column elementor-col-50 elementor-top-column elementor-element elementor-element-0f149f6\" data-id=\"0f149f6\" data-element_type=\"column\" data-e-type=\"column\">\n\t\t\t<div class=\"elementor-widget-wrap elementor-element-populated\">\n\t\t\t\t\t\t<div class=\"elementor-element elementor-element-a01a2f5 elementor-widget elementor-widget-heading\" data-id=\"a01a2f5\" data-element_type=\"widget\" data-e-type=\"widget\" data-widget_type=\"heading.default\">\n\t\t\t\t<div class=\"elementor-widget-container\">\n\t\t\t\t\t<h4 class=\"elementor-heading-title elementor-size-default\">\u00d6ffnungszeiten<br>Betriebsferien vom 25.10.2025 - 08.12.2025<\/h4>\t\t\t\t<\/div>\n\t\t\t\t<\/div>\n\t\t\t\t<div class=\"elementor-element elementor-element-2ee44f2 elementor-widget elementor-widget-text-editor\" data-id=\"2ee44f2\" data-element_type=\"widget\" data-e-type=\"widget\" data-widget_type=\"text-editor.default\">\n\t\t\t\t<div class=\"elementor-widget-container\">\n\t\t\t\t\t\t\t\t\t<ul><li>Montag: Geschlossen<\/li><li>Dienstag: 10:00 &#8211; 15:00 Uhr<\/li><li>Mittwoch: 10:00 &#8211; 15:00 Uhr<\/li><li>Donnerstag: 10:00 &#8211; 15:00 Uhr<\/li><li>Freitag: 10:00 &#8211; 19:00 Uhr<\/li><li>Samstag: 10:00 &#8211; 19:00 Uhr<\/li><li>Sonn- &amp; Feiertage: 10:00 &#8211; 19:00 Uhr<\/li><\/ul>\t\t\t\t\t\t\t\t<\/div>\n\t\t\t\t<\/div>\n\t\t\t\t\t<\/div>\n\t\t<\/div>\n\t\t\t\t<div class=\"elementor-column elementor-col-50 elementor-top-column elementor-element elementor-element-e8347fd\" data-id=\"e8347fd\" data-element_type=\"column\" data-e-type=\"column\">\n\t\t\t<div class=\"elementor-widget-wrap elementor-element-populated\">\n\t\t\t\t\t\t<div class=\"elementor-element elementor-element-dec0a74 elementor-widget elementor-widget-image\" data-id=\"dec0a74\" data-element_type=\"widget\" data-e-type=\"widget\" data-widget_type=\"image.default\">\n\t\t\t\t<div class=\"elementor-widget-container\">\n\t\t\t\t\t\t\t\t\t\t\t\t\t\t\t\t<a href=\"https:\/\/www.keen-haslett.91-107-214-178.plesk.page\/wp-content\/uploads\/2023\/06\/20230608_110003-scaled.jpg\" data-elementor-open-lightbox=\"yes\" data-elementor-lightbox-title=\"20230608_110003\" data-e-action-hash=\"#elementor-action%3Aaction%3Dlightbox%26settings%3DeyJpZCI6NTQsInVybCI6Imh0dHBzOlwvXC9hYWwtc2llbXNlbi5kZVwvd3AtY29udGVudFwvdXBsb2Fkc1wvMjAyM1wvMDZcLzIwMjMwNjA4XzExMDAwMy1zY2FsZWQuanBnIn0%3D\" target=\"_blank\" rel=\"noopener\">\n\t\t\t\t\t\t\t<img decoding=\"async\" width=\"1024\" height=\"768\" src=\"https:\/\/aal-siemsen.de\/wp-content\/uploads\/2023\/06\/20230608_110003-1024x768.jpg\" class=\"attachment-large size-large wp-image-54\" alt=\"\" srcset=\"https:\/\/aal-siemsen.de\/wp-content\/uploads\/2023\/06\/20230608_110003-1024x768.jpg 1024w, https:\/\/aal-siemsen.de\/wp-content\/uploads\/2023\/06\/20230608_110003-300x225.jpg 300w, https:\/\/aal-siemsen.de\/wp-content\/uploads\/2023\/06\/20230608_110003-768x576.jpg 768w, https:\/\/aal-siemsen.de\/wp-content\/uploads\/2023\/06\/20230608_110003-1536x1152.jpg 1536w, https:\/\/aal-siemsen.de\/wp-content\/uploads\/2023\/06\/20230608_110003-2048x1536.jpg 2048w\" sizes=\"(max-width: 1024px) 100vw, 1024px\" \/>\t\t\t\t\t\t\t\t<\/a>\n\t\t\t\t\t\t\t\t\t\t\t\t\t\t\t<\/div>\n\t\t\t\t<\/div>\n\t\t\t\t\t<\/div>\n\t\t<\/div>\n\t\t\t\t\t<\/div>\n\t\t<\/section>\n\t\t\t\t<section class=\"elementor-section elementor-top-section elementor-element elementor-element-58a341b elementor-section-boxed elementor-section-height-default elementor-section-height-default\" data-id=\"58a341b\" data-element_type=\"section\" data-e-type=\"section\">\n\t\t\t\t\t\t<div class=\"elementor-container elementor-column-gap-default\">\n\t\t\t\t\t<div class=\"elementor-column elementor-col-100 elementor-top-column elementor-element elementor-element-08abdca\" data-id=\"08abdca\" data-element_type=\"column\" data-e-type=\"column\">\n\t\t\t<div class=\"elementor-widget-wrap elementor-element-populated\">\n\t\t\t\t\t\t<div class=\"elementor-element elementor-element-fa979fb elementor-arrows-position-inside elementor-pagination-position-outside elementor-widget elementor-widget-image-carousel\" data-id=\"fa979fb\" data-element_type=\"widget\" data-e-type=\"widget\" data-settings=\"{&quot;slides_to_show&quot;:&quot;1&quot;,&quot;speed&quot;:1000,&quot;navigation&quot;:&quot;both&quot;,&quot;autoplay&quot;:&quot;yes&quot;,&quot;pause_on_hover&quot;:&quot;yes&quot;,&quot;pause_on_interaction&quot;:&quot;yes&quot;,&quot;autoplay_speed&quot;:5000,&quot;infinite&quot;:&quot;yes&quot;,&quot;effect&quot;:&quot;slide&quot;}\" data-widget_type=\"image-carousel.default\">\n\t\t\t\t<div class=\"elementor-widget-container\">\n\t\t\t\t\t\t\t<div class=\"elementor-image-carousel-wrapper swiper\" role=\"region\" aria-roledescription=\"carousel\" aria-label=\"Bild Karussell\" dir=\"ltr\">\n\t\t\t<div class=\"elementor-image-carousel swiper-wrapper\" aria-live=\"off\">\n\t\t\t\t\t\t\t\t<div class=\"swiper-slide\" role=\"group\" aria-roledescription=\"slide\" aria-label=\"1 von 5\"><a data-elementor-open-lightbox=\"yes\" data-elementor-lightbox-slideshow=\"fa979fb\" data-elementor-lightbox-title=\"20230422_112330\" data-e-action-hash=\"#elementor-action%3Aaction%3Dlightbox%26settings%3DeyJpZCI6NTMsInVybCI6Imh0dHBzOlwvXC9hYWwtc2llbXNlbi5kZVwvd3AtY29udGVudFwvdXBsb2Fkc1wvMjAyM1wvMDZcLzIwMjMwNDIyXzExMjMzMC1zY2FsZWQuanBnIiwic2xpZGVzaG93IjoiZmE5NzlmYiJ9\" href=\"https:\/\/aal-siemsen.de\/wp-content\/uploads\/2023\/06\/20230422_112330-scaled.jpg\"><figure class=\"swiper-slide-inner\"><img decoding=\"async\" class=\"swiper-slide-image\" src=\"https:\/\/aal-siemsen.de\/wp-content\/uploads\/elementor\/thumbs\/20230422_112330-scaled-qxpnz20b72gf6tgyq7gyz50c4cpo4i5mq0db3o2vi8.jpg\" alt=\"20230422_112330\" \/><\/figure><\/a><\/div><div class=\"swiper-slide\" role=\"group\" aria-roledescription=\"slide\" aria-label=\"2 von 5\"><a data-elementor-open-lightbox=\"yes\" data-elementor-lightbox-slideshow=\"fa979fb\" data-elementor-lightbox-title=\"20230422_112348\" data-e-action-hash=\"#elementor-action%3Aaction%3Dlightbox%26settings%3DeyJpZCI6NTUsInVybCI6Imh0dHBzOlwvXC9hYWwtc2llbXNlbi5kZVwvd3AtY29udGVudFwvdXBsb2Fkc1wvMjAyM1wvMDZcLzIwMjMwNDIyXzExMjM0OC1zY2FsZWQuanBnIiwic2xpZGVzaG93IjoiZmE5NzlmYiJ9\" href=\"https:\/\/aal-siemsen.de\/wp-content\/uploads\/2023\/06\/20230422_112348-scaled.jpg\"><figure class=\"swiper-slide-inner\"><img decoding=\"async\" class=\"swiper-slide-image\" src=\"https:\/\/aal-siemsen.de\/wp-content\/uploads\/elementor\/thumbs\/20230422_112348-scaled-qxpnz20b72gf6tgyq7gyz50c4cpo4i5mq0db3o2vi8.jpg\" alt=\"20230422_112348\" \/><\/figure><\/a><\/div><div class=\"swiper-slide\" role=\"group\" aria-roledescription=\"slide\" aria-label=\"3 von 5\"><a data-elementor-open-lightbox=\"yes\" data-elementor-lightbox-slideshow=\"fa979fb\" data-elementor-lightbox-title=\"20230704_142140\" data-e-action-hash=\"#elementor-action%3Aaction%3Dlightbox%26settings%3DeyJpZCI6NzAsInVybCI6Imh0dHBzOlwvXC9hYWwtc2llbXNlbi5kZVwvd3AtY29udGVudFwvdXBsb2Fkc1wvMjAyM1wvMDdcLzIwMjMwNzA0XzE0MjE0MC1zY2FsZWQuanBnIiwic2xpZGVzaG93IjoiZmE5NzlmYiJ9\" href=\"https:\/\/aal-siemsen.de\/wp-content\/uploads\/2023\/07\/20230704_142140-scaled.jpg\"><figure class=\"swiper-slide-inner\"><img decoding=\"async\" class=\"swiper-slide-image\" src=\"https:\/\/aal-siemsen.de\/wp-content\/uploads\/elementor\/thumbs\/20230704_142140-scaled-qxpnz04mtedujljp16npu5hexkyxp3y61r2c545nuo.jpg\" alt=\"20230704_142140\" \/><\/figure><\/a><\/div><div class=\"swiper-slide\" role=\"group\" aria-roledescription=\"slide\" aria-label=\"4 von 5\"><a data-elementor-open-lightbox=\"yes\" data-elementor-lightbox-slideshow=\"fa979fb\" data-elementor-lightbox-title=\"20230704_142133\" data-e-action-hash=\"#elementor-action%3Aaction%3Dlightbox%26settings%3DeyJpZCI6NzEsInVybCI6Imh0dHBzOlwvXC9hYWwtc2llbXNlbi5kZVwvd3AtY29udGVudFwvdXBsb2Fkc1wvMjAyM1wvMDdcLzIwMjMwNzA0XzE0MjEzMy1zY2FsZWQuanBnIiwic2xpZGVzaG93IjoiZmE5NzlmYiJ9\" href=\"https:\/\/aal-siemsen.de\/wp-content\/uploads\/2023\/07\/20230704_142133-scaled.jpg\"><figure class=\"swiper-slide-inner\"><img decoding=\"async\" class=\"swiper-slide-image\" src=\"https:\/\/aal-siemsen.de\/wp-content\/uploads\/elementor\/thumbs\/20230704_142133-scaled-qxpnz04mtedujljp16npu5hexkyxp3y61r2c545nuo.jpg\" alt=\"20230704_142133\" \/><\/figure><\/a><\/div><div class=\"swiper-slide\" role=\"group\" aria-roledescription=\"slide\" aria-label=\"5 von 5\"><a data-elementor-open-lightbox=\"yes\" data-elementor-lightbox-slideshow=\"fa979fb\" data-elementor-lightbox-title=\"20230608_105614\" data-e-action-hash=\"#elementor-action%3Aaction%3Dlightbox%26settings%3DeyJpZCI6NzIsInVybCI6Imh0dHBzOlwvXC9hYWwtc2llbXNlbi5kZVwvd3AtY29udGVudFwvdXBsb2Fkc1wvMjAyM1wvMDdcLzIwMjMwNjA4XzEwNTYxNC1zY2FsZWQuanBnIiwic2xpZGVzaG93IjoiZmE5NzlmYiJ9\" href=\"https:\/\/aal-siemsen.de\/wp-content\/uploads\/2023\/07\/20230608_105614-scaled.jpg\"><figure class=\"swiper-slide-inner\"><img decoding=\"async\" class=\"swiper-slide-image\" src=\"https:\/\/aal-siemsen.de\/wp-content\/uploads\/elementor\/thumbs\/20230608_105614-scaled-qxpnz12h08f4v7ibvp2cen8viyuawt1wdvptme49og.jpg\" alt=\"20230608_105614\" \/><\/figure><\/a><\/div>\t\t\t<\/div>\n\t\t\t\t\t\t\t\t\t\t\t\t<div class=\"elementor-swiper-button elementor-swiper-button-prev\" role=\"button\" tabindex=\"0\">\n\t\t\t\t\t\t<i aria-hidden=\"true\" class=\"eicon-chevron-left\"><\/i>\t\t\t\t\t<\/div>\n\t\t\t\t\t<div class=\"elementor-swiper-button elementor-swiper-button-next\" role=\"button\" tabindex=\"0\">\n\t\t\t\t\t\t<i aria-hidden=\"true\" class=\"eicon-chevron-right\"><\/i>\t\t\t\t\t<\/div>\n\t\t\t\t\n\t\t\t\t\t\t\t\t\t<div class=\"swiper-pagination\"><\/div>\n\t\t\t\t\t\t\t\t\t<\/div>\n\t\t\t\t\t\t<\/div>\n\t\t\t\t<\/div>\n\t\t\t\t\t<\/div>\n\t\t<\/div>\n\t\t\t\t\t<\/div>\n\t\t<\/section>\n\t\t\t\t<\/div>\n\t\t","protected":false},"excerpt":{"rendered":"<p>Herzlich Willkommen imFischpavillon Siemsen Willkommen bei Siemsens Fischpavillon \u2013 seit \u00fcber 35 Jahren Ihr beliebtes Fischrestaurant im Herzen des malerischen Ferienorts Stapel zwischen Eider und Treene. Genie\u00dfen Sie frische und k\u00f6stliche Fischgerichte in unserer gem\u00fctlichen und einladenden Atmosph\u00e4re, oder holen Sie sich eins unserer vielen Fischbr\u00f6tchen zum mitnehmen! \u00d6ffnungszeitenBetriebsferien vom 25.10.2025 &#8211; 08.12.2025 Montag: Geschlossen&hellip;&nbsp;<\/p>\n","protected":false},"author":1,"featured_media":0,"parent":0,"menu_order":0,"comment_status":"closed","ping_status":"closed","template":"page-templates\/template-pagebuilder-full-width.php","meta":{"neve_meta_sidebar":"","neve_meta_container":"","neve_meta_enable_content_width":"","neve_meta_content_width":0,"neve_meta_title_alignment":"","neve_meta_author_avatar":"","neve_post_elements_order":"","neve_meta_disable_header":"","neve_meta_disable_footer":"","neve_meta_disable_title":"","neve_meta_reading_time":"","footnotes":""},"class_list":["post-13","page","type-page","status-publish","hentry"],"_links":{"self":[{"href":"https:\/\/aal-siemsen.de\/index.php\/wp-json\/wp\/v2\/pages\/13","targetHints":{"allow":["GET"]}}],"collection":[{"href":"https:\/\/aal-siemsen.de\/index.php\/wp-json\/wp\/v2\/pages"}],"about":[{"href":"https:\/\/aal-siemsen.de\/index.php\/wp-json\/wp\/v2\/types\/page"}],"author":[{"embeddable":true,"href":"https:\/\/aal-siemsen.de\/index.php\/wp-json\/wp\/v2\/users\/1"}],"replies":[{"embeddable":true,"href":"https:\/\/aal-siemsen.de\/index.php\/wp-json\/wp\/v2\/comments?post=13"}],"version-history":[{"count":9,"href":"https:\/\/aal-siemsen.de\/index.php\/wp-json\/wp\/v2\/pages\/13\/revisions"}],"predecessor-version":[{"id":117,"href":"https:\/\/aal-siemsen.de\/index.php\/wp-json\/wp\/v2\/pages\/13\/revisions\/117"}],"wp:attachment":[{"href":"https:\/\/aal-siemsen.de\/index.php\/wp-json\/wp\/v2\/media?parent=13"}],"curies":[{"name":"wp","href":"https:\/\/api.w.org\/{rel}","templated":true}]}}